{"id":924,"date":"2023-03-23T12:26:06","date_gmt":"2023-03-23T12:26:06","guid":{"rendered":"https:\/\/leny.april8.org\/?post_type=product&#038;p=924"},"modified":"2026-01-15T06:51:34","modified_gmt":"2026-01-15T06:51:34","slug":"riga","status":"publish","type":"product","link":"http:\/\/leny.eu\/sl\/izdelek\/riga\/","title":{"rendered":"RIGA"},"content":{"rendered":"<p><strong>Tip postave:<\/strong> vse, tudi mo\u010dnej\u0161e<\/p>\n<p><strong>Lastnosti: <\/strong><\/p>\n<ul>\n<li>Mehak stretch jeans vrhunske kakovosti<\/li>\n<li>Raztegljiv vi\u0161ji pas<\/li>\n<li>Ravne<\/li>\n<li>Elastika v pasu<\/li>\n<li>4 \u017eepi<\/li>\n<li>Aluminijaste zakovice<\/li>\n<li>YKK zadrga<\/li>\n<\/ul>\n<p><strong>Material &amp; nega:<\/strong><\/p>\n<ul>\n<li>Sestava: bomba\u017e 98 % in elastan 2 % (sestava tkanine lahko variira, to\u010dno sestavo najdete na v\u0161itku hla\u010d)<\/li>\n<li>Pranje na 30 <sup>o<\/sup>C (navodila za nego so v\u0161ita na etiketi hla\u010d)<\/li>\n<\/ul>\n<p>&nbsp;<\/p>\n<p><strong>Dimenzije:\u00a0<\/strong><\/p>\n<p>Standardne dimenzije Leny hla\u010d si lahko ogledate v tabeli. Za nakup idealnega para hla\u010d priporo\u010damo, da izmerite dimenzije va\u0161ih najljub\u0161ih hla\u010d in v tabeli poi\u0161\u010dete svoje mere. Tako boste zagotovo kupili popolne lenyske zase!<\/p>\n<p>&nbsp;<\/p>\n<blockquote class=\"wp-embedded-content\" data-secret=\"OZDx5PWXFi\"><p><a href=\"https:\/\/www.leny.eu\/sl\/hlace-po-meri\/\">Hla\u010de po meri<\/a><\/p><\/blockquote>\n<p><iframe loading=\"lazy\" class=\"wp-embedded-content\" sandbox=\"allow-scripts\" security=\"restricted\" style=\"position: absolute; visibility: hidden;\" title=\"&#8220;Hla\u010de po meri&#8221; &#8212; Leny\" src=\"https:\/\/www.leny.eu\/sl\/hlace-po-meri\/embed\/#?secret=bUYEdu0a2v#?secret=OZDx5PWXFi\" data-secret=\"OZDx5PWXFi\" width=\"600\" height=\"338\" frameborder=\"0\" marginwidth=\"0\" marginheight=\"0\" scrolling=\"no\"><\/iframe><\/p>\n","protected":false},"excerpt":{"rendered":"<p><strong>Model Riga <\/strong>je izjemno udoben in vsestranski kos obla\u010dila.<\/p>\n<p>Z visokim pasom in v\u0161ito elastiko v pasu zagotavlja popolno prileganje in udobje skozi ves dan. Pas je zasnovan tako, da omogo\u010da no\u0161enje dodatnega pasu po va\u0161i izbiri. Ravne hla\u010dnice dodajo pridih elegance, kar naredi te hla\u010de idealne za razli\u010dne prilo\u017enosti \u2013 od slu\u017ebe, spro\u0161\u010denih sprehodov do dru\u017eenja s prijateljicami.<\/p>\n<p>Ta model je zelo priljubljen in nepogre\u0161ljiv v vsaki garderobi.<\/p>\n<p>V prodajalni je na voljo ve\u010dja izbira materalov in barv, kot je predstavljena na tej strani.<\/p>\n<p>&nbsp;<\/p>\n","protected":false},"featured_media":14659,"comment_status":"open","ping_status":"closed","template":"","meta":[],"product_brand":[],"product_cat":[97],"product_tag":[],"class_list":{"0":"post-924","1":"product","2":"type-product","3":"status-publish","4":"has-post-thumbnail","6":"product_cat-zenski-modeli","8":"first","9":"instock","10":"taxable","11":"shipping-taxable","12":"purchasable","13":"product-type-variable"},"jetpack_sharing_enabled":true,"_links":{"self":[{"href":"http:\/\/leny.eu\/sl\/wp-json\/wp\/v2\/product\/924","targetHints":{"allow":["GET"]}}],"collection":[{"href":"http:\/\/leny.eu\/sl\/wp-json\/wp\/v2\/product"}],"about":[{"href":"http:\/\/leny.eu\/sl\/wp-json\/wp\/v2\/types\/product"}],"replies":[{"embeddable":true,"href":"http:\/\/leny.eu\/sl\/wp-json\/wp\/v2\/comments?post=924"}],"wp:featuredmedia":[{"embeddable":true,"href":"http:\/\/leny.eu\/sl\/wp-json\/wp\/v2\/media\/14659"}],"wp:attachment":[{"href":"http:\/\/leny.eu\/sl\/wp-json\/wp\/v2\/media?parent=924"}],"wp:term":[{"taxonomy":"product_brand","embeddable":true,"href":"http:\/\/leny.eu\/sl\/wp-json\/wp\/v2\/product_brand?post=924"},{"taxonomy":"product_cat","embeddable":true,"href":"http:\/\/leny.eu\/sl\/wp-json\/wp\/v2\/product_cat?post=924"},{"taxonomy":"product_tag","embeddable":true,"href":"http:\/\/leny.eu\/sl\/wp-json\/wp\/v2\/product_tag?post=924"}],"curies":[{"name":"wp","href":"https:\/\/api.w.org\/{rel}","templated":true}]}}