{"id":9716,"date":"2024-08-12T09:49:42","date_gmt":"2024-08-12T09:49:42","guid":{"rendered":"https:\/\/www.leny.eu\/?post_type=product&#038;p=9716"},"modified":"2025-12-31T09:47:56","modified_gmt":"2025-12-31T09:47:56","slug":"urban-kratke","status":"publish","type":"product","link":"http:\/\/leny.eu\/sl\/izdelek\/urban-kratke\/","title":{"rendered":"Urban kratke"},"content":{"rendered":"<p><strong>Lastnosti:<\/strong><\/p>\n<ul>\n<li>Udoben model Urban<\/li>\n<li>elastika v pasu<\/li>\n<li>Mehak, elasti\u010den material &#8211; Jersey<\/li>\n<li>V svetli barvi<\/li>\n<\/ul>\n<p><strong>Ostale podrobnosti:<\/strong><\/p>\n<ul>\n<li>Dva \u017eepa spredaj, dva zadaj<\/li>\n<li>Elastika in trak v pasu<\/li>\n<li>Nakazana zadrga za eleganten videz<\/li>\n<\/ul>\n<p><strong>Material &amp; nega:<\/strong><\/p>\n<ul>\n<li>\u00a0Sestava: 95% bomba\u017e, 5% elastan<br \/>\nPranje na 30 oC (navodila za nego so v\u0161ita na etiketi hla\u010d)<\/li>\n<\/ul>\n","protected":false},"excerpt":{"rendered":"<p>Odkrijte udobje in stil z na\u0161imi Urban kratkimi hla\u010dami, izdelanimi iz vrhunskega materiala. Te hla\u010de so popolna izbira za tople dni, saj so narejene iz tanke, mehke in elasti\u010dne tkanine, ki se odli\u010dno prilega va\u0161i postavi.<\/p>\n<p>Zahvaljujo\u010d izjemni kakovosti materiala, ki je izdelan v Sloveniji, boste v teh hla\u010dah u\u017eivali v udobju in zra\u010dnosti skozi ves dan. Idealne so za spro\u0161\u010den sprehod po mestu, \u0161portne aktivnosti ali le\u017eerno popoldne. Izberite Urban kratke hla\u010de za brezkompromisno udobje in moderen videz.<\/p>\n<p>&nbsp;<\/p>\n","protected":false},"featured_media":9746,"comment_status":"open","ping_status":"closed","template":"","meta":[],"product_brand":[],"product_cat":[96],"product_tag":[],"class_list":{"0":"post-9716","1":"product","2":"type-product","3":"status-publish","4":"has-post-thumbnail","6":"product_cat-moski-modeli","8":"first","9":"instock","10":"taxable","11":"shipping-taxable","12":"purchasable","13":"product-type-variable"},"jetpack_sharing_enabled":true,"_links":{"self":[{"href":"http:\/\/leny.eu\/sl\/wp-json\/wp\/v2\/product\/9716","targetHints":{"allow":["GET"]}}],"collection":[{"href":"http:\/\/leny.eu\/sl\/wp-json\/wp\/v2\/product"}],"about":[{"href":"http:\/\/leny.eu\/sl\/wp-json\/wp\/v2\/types\/product"}],"replies":[{"embeddable":true,"href":"http:\/\/leny.eu\/sl\/wp-json\/wp\/v2\/comments?post=9716"}],"wp:featuredmedia":[{"embeddable":true,"href":"http:\/\/leny.eu\/sl\/wp-json\/wp\/v2\/media\/9746"}],"wp:attachment":[{"href":"http:\/\/leny.eu\/sl\/wp-json\/wp\/v2\/media?parent=9716"}],"wp:term":[{"taxonomy":"product_brand","embeddable":true,"href":"http:\/\/leny.eu\/sl\/wp-json\/wp\/v2\/product_brand?post=9716"},{"taxonomy":"product_cat","embeddable":true,"href":"http:\/\/leny.eu\/sl\/wp-json\/wp\/v2\/product_cat?post=9716"},{"taxonomy":"product_tag","embeddable":true,"href":"http:\/\/leny.eu\/sl\/wp-json\/wp\/v2\/product_tag?post=9716"}],"curies":[{"name":"wp","href":"https:\/\/api.w.org\/{rel}","templated":true}]}}