{"id":9902,"date":"2024-10-08T13:01:24","date_gmt":"2024-10-08T13:01:24","guid":{"rendered":"https:\/\/www.leny.eu\/?post_type=product&#038;p=9902"},"modified":"2024-10-08T13:01:24","modified_gmt":"2024-10-08T13:01:24","slug":"amsterdam","status":"publish","type":"product","link":"http:\/\/leny.eu\/sl\/izdelek\/amsterdam\/","title":{"rendered":"Amsterdam"},"content":{"rendered":"<p><strong>Tip postave:<\/strong> z o\u017ejimi boki<\/p>\n<p><strong>Lastnosti: <\/strong><\/p>\n<ul>\n<li>Mehak stretch jeans, drugi materiali z elastanom<\/li>\n<li>Raztegljiv srednje visok pas<\/li>\n<li>Ravne hla\u010dnice<\/li>\n<li>4 \u017eepi<\/li>\n<li>Aluminijaste zakovice<\/li>\n<li>YKK zadrga<\/li>\n<\/ul>\n<p><strong>Material &amp; nega:<\/strong><\/p>\n<ul>\n<li>Sestava: bomba\u017e 98 % in elastan 2 % (sestava tkanine lahko variira, to\u010dno sestavo najdete na v\u0161itku hla\u010d)<\/li>\n<li>Pranje na 30 <sup>o<\/sup>C (navodila za nego so v\u0161ita na etiketi hla\u010d)<\/li>\n<\/ul>\n<p><strong>Dimenzije:\u00a0<\/strong><\/p>\n<p>Standardne dimenzije Leny hla\u010d si lahko ogledate v tabeli. Za nakup idealnega para hla\u010d priporo\u010damo, da izmerite dimenzije va\u0161ih najljub\u0161ih hla\u010d in v tabeli poi\u0161\u010dete svoje mere. Tako boste zagotovo kupili popolne lenyske zase!<\/p>\n","protected":false},"excerpt":{"rendered":"<p>Model hla\u010d Leny <strong>Amsterdam<\/strong> je zasnovan posebej za \u017eenske z o\u017ejimi boki, ki cenijo eleganco in prefinjen videz. Hla\u010de se lepo prilegajo preko bokov in imajo srednje visok pas, kar zagotavlja udobno no\u0161enje in laskavo silhueto. Ravne hla\u010dnice dodajo klasi\u010dno noto, zaradi \u010desar je ta model idealen za razli\u010dne prilo\u017enosti \u2013 od profesionalnih sestankov in poslovnih poti do spro\u0161\u010denih dru\u017eenj s prijateljicami.<\/p>\n<p>Model Amsterdam so popolna izbira za \u017eenske, ki \u017eelijo preplet udobja in elegance v enem kosu, primerne za vsako prilo\u017enost.<\/p>\n<p>V prodajalni je na voljo ve\u010dja izbira materalov in barv, kot je predstavljena na tej strani.<\/p>\n","protected":false},"featured_media":9915,"comment_status":"open","ping_status":"closed","template":"","meta":[],"product_brand":[],"product_cat":[97],"product_tag":[],"class_list":{"0":"post-9902","1":"product","2":"type-product","3":"status-publish","4":"has-post-thumbnail","6":"product_cat-zenski-modeli","8":"first","9":"instock","10":"taxable","11":"shipping-taxable","12":"purchasable","13":"product-type-variable","14":"has-default-attributes"},"jetpack_sharing_enabled":true,"_links":{"self":[{"href":"http:\/\/leny.eu\/sl\/wp-json\/wp\/v2\/product\/9902","targetHints":{"allow":["GET"]}}],"collection":[{"href":"http:\/\/leny.eu\/sl\/wp-json\/wp\/v2\/product"}],"about":[{"href":"http:\/\/leny.eu\/sl\/wp-json\/wp\/v2\/types\/product"}],"replies":[{"embeddable":true,"href":"http:\/\/leny.eu\/sl\/wp-json\/wp\/v2\/comments?post=9902"}],"wp:featuredmedia":[{"embeddable":true,"href":"http:\/\/leny.eu\/sl\/wp-json\/wp\/v2\/media\/9915"}],"wp:attachment":[{"href":"http:\/\/leny.eu\/sl\/wp-json\/wp\/v2\/media?parent=9902"}],"wp:term":[{"taxonomy":"product_brand","embeddable":true,"href":"http:\/\/leny.eu\/sl\/wp-json\/wp\/v2\/product_brand?post=9902"},{"taxonomy":"product_cat","embeddable":true,"href":"http:\/\/leny.eu\/sl\/wp-json\/wp\/v2\/product_cat?post=9902"},{"taxonomy":"product_tag","embeddable":true,"href":"http:\/\/leny.eu\/sl\/wp-json\/wp\/v2\/product_tag?post=9902"}],"curies":[{"name":"wp","href":"https:\/\/api.w.org\/{rel}","templated":true}]}}